{"id":112,"date":"2021-06-04T02:08:06","date_gmt":"2021-06-03T23:08:06","guid":{"rendered":"https:\/\/inoctr.org\/?page_id=112"},"modified":"2021-06-04T02:12:24","modified_gmt":"2021-06-03T23:12:24","slug":"scientific-meetings","status":"publish","type":"page","link":"https:\/\/inoctr.org\/index.php\/scientific-meetings\/","title":{"rendered":"SCIENTIFIC MEETINGS"},"content":{"rendered":"\n<figure class=\"wp-block-table\"><table><tbody><tr><td>International Workshop MED 2000 on &#8221; Education, Research and Technology for Fisheries and Aquaculture in the Southern &nbsp;and Eastern Mediterranean\u201c, Izmir \/ Turkey, 4-6 July 2000.<\/td><\/tr><tr><td><br>International Workshop on &#8221; Marine Biodiversity in the Muslim countries&#8221;, INOC-\u00a0Algerian Ministry of Fisheries, Algiers\/ \u00a0Algeria, 22-24 October 2001.<\/td><\/tr><tr><td><br>International Workshop on&#8221; Mediterranean Vermetid Terraces and the Status of Lessepsian Migration \u201c,INOC-\u00a0\u00a0National Centre of Marine Science of Batroun, Beirut \/ LEBANON, 19-\u00a021 December 2002.<\/td><\/tr><tr><td><br>International Workshop on &#8220;Marine Pollution and the Impacts of Seawater desalination plants on the coastal environment\u201d, Dubai \/ UAE, 01-03 December 2003.<\/td><\/tr><tr><td><br>International Workshop on &#8220;Marine &amp; Coastal Protected Areas&#8221;, INOC-University of Meknes , Meknes-Morocco; 23-25 \u00a0March 2005.<\/td><\/tr><tr><td><br>International Workshop on &#8220;The\u00a0Protection of Coastal &amp; Marine Environment&#8221;, 09-11 November 2005, Izmir-Turkey.<\/td><\/tr><tr><td><br>International Conference on coastal Oceanography and sustainable marine aquaculture-Confluence \u00a0Synergy\u201d, INOC-\u00a0Borneo Marine Research Centre\/University Malaysia Sabah, Kota Kinabalu, Sabah, Malaysia, 02-04 May 2006.<\/td><\/tr><tr><td><br>International Seminar on&#8221; International on coastal water management &amp; sustainable \u00a0use of marine resources&#8221;, INOC \u2013Centre de Recherche Oceanographique de Dakar-Thiaroye Dakar-Senegal, 14-16 November 2006.<\/td><\/tr><tr><td><br>International Conference on&#8221; Rapid urbanization and land use conflicts in coastal cities, INOC-\u00a0Universities of \u00a0Jordan &amp; Yarmouk, Aqaba-\u00a0Jordan, 30 October-01 November 2007.<\/td><\/tr><tr><td><br>International Conference on &#8221; Modeling and Monitoring of Marine pollution, INOC-\u00a0Iranian National Center for Oceanography \u00a0(INCO) , Kish Island , Iran, 01-03 December 2008.<\/td><\/tr><tr><td><br>International Workshop on &#8220;Integrated Coastal Zone Management&#8221;, INOC-\u00a0Marine Institute of marine Science &amp; Technology\/ \u00a0Dokuz Eylul University, Izmir-\u00a0TURKEY, 20-22 October 2009.<\/td><\/tr><tr><td><br>Second international colloquium on&#8221; Biodiversity &amp; Coastal Ecosystems&#8221;, 28-30 November, 2010, Oran-ALGERIA.<\/td><\/tr><tr><td><br>International Conference \u00a0on \u00a0&#8220;Biodiversity of the Aquatic Environment \u00a0Towards a\u00a0Diverse and\u00a0Sustainable\u00a0World\u201d,\u00a013-15 December, 2010, Lattakia, SYRIA.<\/td><\/tr><tr><td><br>International Symposium on &#8220;Marine Ecosystems, Natural Products and their Bioactive Metabolites&#8221; 25-27 October \u00a02011, Bogor, INDONESIA.<\/td><\/tr><tr><td><br>International Conference\u00a0on\u00a0`Land-Sea Interactions in the Coastal Zone<br>LANDSI-\u00a02012 \u201cByblos-LEBANON, November 06-08, 2012\u201d<\/td><\/tr><tr><td><br>International Conference on &#8220;Oceanography and Sustainable Marine Production: A Challenge of Managing Marine Resources in the Climate Change&#8221; ICOSMaP &#8211;\u00a02013 28-30 October 2013, Kuantan &#8211;\u00a0MALAYSIA<\/td><\/tr><tr><td><br>International Congress on &#8220;Estuaries &amp; Coastal Protected Areas&#8221; \u00a0ECPA 2014\u00a0<em>&#8220;Estuaires \u00a0et Aires Marines C\u00f4ti\u00e8res Prot\u00e9g\u00e9es&#8221;<\/em><br>04 &#8211;\u00a006 November 2014, Izmir\u00a0\u2013\u00a0TURKEY<\/td><\/tr><\/tbody><\/table><\/figure>\n","protected":false},"excerpt":{"rendered":"<p>International Workshop MED 2000 on &#8221; Education, Research and Technology for Fisheries and Aquaculture in the Southern &nbsp;and Eastern Mediterranean\u201c, Izmir \/ Turkey, 4-6 July 2000. International Workshop on &#8221; Marine Biodiversity in the Muslim countries&#8221;, INOC-\u00a0Algerian Ministry of Fisheries, Algiers\/ \u00a0Algeria, 22-24 October 2001. International Workshop on&#8221; Mediterranean Vermetid Terraces and the Status of <a class=\"read-more\" href=\"https:\/\/inoctr.org\/index.php\/scientific-meetings\/\">Read More<\/a><\/p>\n","protected":false},"author":1,"featured_media":0,"parent":0,"menu_order":0,"comment_status":"closed","ping_status":"closed","template":"","meta":{"footnotes":""},"class_list":["post-112","page","type-page","status-publish","hentry"],"_links":{"self":[{"href":"https:\/\/inoctr.org\/index.php\/wp-json\/wp\/v2\/pages\/112","targetHints":{"allow":["GET"]}}],"collection":[{"href":"https:\/\/inoctr.org\/index.php\/wp-json\/wp\/v2\/pages"}],"about":[{"href":"https:\/\/inoctr.org\/index.php\/wp-json\/wp\/v2\/types\/page"}],"author":[{"embeddable":true,"href":"https:\/\/inoctr.org\/index.php\/wp-json\/wp\/v2\/users\/1"}],"replies":[{"embeddable":true,"href":"https:\/\/inoctr.org\/index.php\/wp-json\/wp\/v2\/comments?post=112"}],"version-history":[{"count":2,"href":"https:\/\/inoctr.org\/index.php\/wp-json\/wp\/v2\/pages\/112\/revisions"}],"predecessor-version":[{"id":117,"href":"https:\/\/inoctr.org\/index.php\/wp-json\/wp\/v2\/pages\/112\/revisions\/117"}],"wp:attachment":[{"href":"https:\/\/inoctr.org\/index.php\/wp-json\/wp\/v2\/media?parent=112"}],"curies":[{"name":"wp","href":"https:\/\/api.w.org\/{rel}","templated":true}]}}