{"id":265,"date":"2023-03-01T14:49:08","date_gmt":"2023-03-01T11:49:08","guid":{"rendered":"https:\/\/inoctr.org\/?page_id=265"},"modified":"2023-03-18T22:37:02","modified_gmt":"2023-03-18T19:37:02","slug":"r-python-and-matlab-for-oceanographic-data-processing","status":"publish","type":"page","link":"https:\/\/inoctr.org\/index.php\/r-python-and-matlab-for-oceanographic-data-processing\/","title":{"rendered":"R, Python and MATLAB for Oceanographic Data Processing"},"content":{"rendered":"\n<figure class=\"wp-block-image size-large\"><img loading=\"lazy\" decoding=\"async\" width=\"724\" height=\"1024\" src=\"https:\/\/inoctr.org\/wp-content\/uploads\/2023\/03\/Hakan-Alyuruk-INOC-Poster-1-724x1024.png\" alt=\"\" class=\"wp-image-266\" srcset=\"https:\/\/inoctr.org\/wp-content\/uploads\/2023\/03\/Hakan-Alyuruk-INOC-Poster-1-724x1024.png 724w, https:\/\/inoctr.org\/wp-content\/uploads\/2023\/03\/Hakan-Alyuruk-INOC-Poster-1-212x300.png 212w, https:\/\/inoctr.org\/wp-content\/uploads\/2023\/03\/Hakan-Alyuruk-INOC-Poster-1-768x1086.png 768w, https:\/\/inoctr.org\/wp-content\/uploads\/2023\/03\/Hakan-Alyuruk-INOC-Poster-1.png 992w\" sizes=\"auto, (max-width: 724px) 100vw, 724px\" \/><\/figure>\n\n\n\n<figure class=\"wp-block-embed is-type-video is-provider-youtube wp-block-embed-youtube wp-embed-aspect-16-9 wp-has-aspect-ratio\"><div class=\"wp-block-embed__wrapper\">\n<iframe loading=\"lazy\" title=\"INTER-ISLAMIC NETWORK ON OCEANOGRAPHY EVENT: R, PHYTON AND MATLAB FOR OCEANOGRAPHIC DATA PROCESSING\" width=\"640\" height=\"360\" src=\"https:\/\/www.youtube.com\/embed\/rXggjoURNWg?feature=oembed\" frameborder=\"0\" allow=\"accelerometer; autoplay; clipboard-write; encrypted-media; gyroscope; picture-in-picture; web-share\" referrerpolicy=\"strict-origin-when-cross-origin\" allowfullscreen><\/iframe>\n<\/div><\/figure>\n\n\n\n<p>Dr.Hakan Aly\u00fcr\u00fck<\/p>\n\n\n\n<p class=\"has-text-align-left\">He graduated from Department of Chemistry, Faculty of Arts and Science, Dokuz Eyl\u00fcl University in 2010. He received Master degree in 2012 from the Chemistry Programme at Graduate School of Natural and Applied Sciences, Dokuz Eyl\u00fcl University. His M.Sc. thesis was related to investigation, Field testing and ecotoxicological testing of antifouling and ecofriendly biocides. He received Ph.D. from the Marine Chemistry Programme at Graduate School of Natural and Applied Sciences, Dokuz Eyl\u00fcl University. In his doctoral studies, He focused on marine biogeochemistry subjects: seasonal cyclings of nutrients, carbohydrates and amino acids at eutrophic and oligotrophic parts of semi-enclosed bay (Izmir Bay). Currently He works on molecular characterization of organic matter in the marine environment. He also works on liquid chromatography, microFluidics and analysis of organic molecules with spectroscopic instruments for method development in marine chemistry. In his works, He uses R, Python and Matlab programming languages and software for statistical analyses, graphing, modeling and data transfer from analysis instruments.\u00a0\u00a0<\/p>\n","protected":false},"excerpt":{"rendered":"<p>Dr.Hakan Aly\u00fcr\u00fck He graduated from Department of Chemistry, Faculty of Arts and Science, Dokuz Eyl\u00fcl University in 2010. He received Master degree in 2012 from the Chemistry Programme at Graduate School of Natural and Applied Sciences, Dokuz Eyl\u00fcl University. His M.Sc. thesis was related to investigation, Field testing and ecotoxicological testing of antifouling and ecofriendly <a class=\"read-more\" href=\"https:\/\/inoctr.org\/index.php\/r-python-and-matlab-for-oceanographic-data-processing\/\">Read More<\/a><\/p>\n","protected":false},"author":1,"featured_media":0,"parent":0,"menu_order":0,"comment_status":"closed","ping_status":"closed","template":"","meta":{"footnotes":""},"class_list":["post-265","page","type-page","status-publish","hentry"],"_links":{"self":[{"href":"https:\/\/inoctr.org\/index.php\/wp-json\/wp\/v2\/pages\/265","targetHints":{"allow":["GET"]}}],"collection":[{"href":"https:\/\/inoctr.org\/index.php\/wp-json\/wp\/v2\/pages"}],"about":[{"href":"https:\/\/inoctr.org\/index.php\/wp-json\/wp\/v2\/types\/page"}],"author":[{"embeddable":true,"href":"https:\/\/inoctr.org\/index.php\/wp-json\/wp\/v2\/users\/1"}],"replies":[{"embeddable":true,"href":"https:\/\/inoctr.org\/index.php\/wp-json\/wp\/v2\/comments?post=265"}],"version-history":[{"count":3,"href":"https:\/\/inoctr.org\/index.php\/wp-json\/wp\/v2\/pages\/265\/revisions"}],"predecessor-version":[{"id":271,"href":"https:\/\/inoctr.org\/index.php\/wp-json\/wp\/v2\/pages\/265\/revisions\/271"}],"wp:attachment":[{"href":"https:\/\/inoctr.org\/index.php\/wp-json\/wp\/v2\/media?parent=265"}],"curies":[{"name":"wp","href":"https:\/\/api.w.org\/{rel}","templated":true}]}}