{"id":456,"date":"2025-04-21T17:48:09","date_gmt":"2025-04-21T14:48:09","guid":{"rendered":"https:\/\/inoctr.org\/?page_id=456"},"modified":"2025-04-28T14:20:21","modified_gmt":"2025-04-28T11:20:21","slug":"safe-navigation-secure-future","status":"publish","type":"page","link":"https:\/\/inoctr.org\/index.php\/safe-navigation-secure-future\/","title":{"rendered":"Safe Navigation Secure Future"},"content":{"rendered":"\n<figure class=\"wp-block-image size-large\"><img loading=\"lazy\" decoding=\"async\" width=\"724\" height=\"1024\" src=\"https:\/\/inoctr.org\/wp-content\/uploads\/2025\/04\/Liman-devleti-denetimleri-2-724x1024.png\" alt=\"\" class=\"wp-image-457\" srcset=\"https:\/\/inoctr.org\/wp-content\/uploads\/2025\/04\/Liman-devleti-denetimleri-2-724x1024.png 724w, https:\/\/inoctr.org\/wp-content\/uploads\/2025\/04\/Liman-devleti-denetimleri-2-212x300.png 212w, https:\/\/inoctr.org\/wp-content\/uploads\/2025\/04\/Liman-devleti-denetimleri-2-768x1086.png 768w, https:\/\/inoctr.org\/wp-content\/uploads\/2025\/04\/Liman-devleti-denetimleri-2-1086x1536.png 1086w, https:\/\/inoctr.org\/wp-content\/uploads\/2025\/04\/Liman-devleti-denetimleri-2.png 1191w\" sizes=\"auto, (max-width: 724px) 100vw, 724px\" \/><\/figure>\n\n\n\n<figure class=\"wp-block-gallery has-nested-images columns-default is-cropped wp-block-gallery-1 is-layout-flex wp-block-gallery-is-layout-flex\">\n<figure class=\"wp-block-image size-large\"><img loading=\"lazy\" decoding=\"async\" width=\"1024\" height=\"682\" data-id=\"463\" src=\"https:\/\/inoctr.org\/wp-content\/uploads\/2025\/04\/inoc333-1024x682.jpg\" alt=\"\" class=\"wp-image-463\" srcset=\"https:\/\/inoctr.org\/wp-content\/uploads\/2025\/04\/inoc333-1024x682.jpg 1024w, https:\/\/inoctr.org\/wp-content\/uploads\/2025\/04\/inoc333-300x200.jpg 300w, https:\/\/inoctr.org\/wp-content\/uploads\/2025\/04\/inoc333-768x512.jpg 768w, https:\/\/inoctr.org\/wp-content\/uploads\/2025\/04\/inoc333-1536x1023.jpg 1536w, https:\/\/inoctr.org\/wp-content\/uploads\/2025\/04\/inoc333.jpg 1600w\" sizes=\"auto, (max-width: 1024px) 100vw, 1024px\" \/><\/figure>\n\n\n\n<figure class=\"wp-block-image size-large\"><img loading=\"lazy\" decoding=\"async\" width=\"697\" height=\"1024\" data-id=\"461\" src=\"https:\/\/inoctr.org\/wp-content\/uploads\/2025\/04\/inoc222-697x1024.jpg\" alt=\"\" class=\"wp-image-461\" srcset=\"https:\/\/inoctr.org\/wp-content\/uploads\/2025\/04\/inoc222-697x1024.jpg 697w, https:\/\/inoctr.org\/wp-content\/uploads\/2025\/04\/inoc222-204x300.jpg 204w, https:\/\/inoctr.org\/wp-content\/uploads\/2025\/04\/inoc222-768x1128.jpg 768w, https:\/\/inoctr.org\/wp-content\/uploads\/2025\/04\/inoc222.jpg 1024w\" sizes=\"auto, (max-width: 697px) 100vw, 697px\" \/><\/figure>\n\n\n\n<figure class=\"wp-block-image size-large\"><img loading=\"lazy\" decoding=\"async\" width=\"768\" height=\"1024\" data-id=\"462\" src=\"https:\/\/inoctr.org\/wp-content\/uploads\/2025\/04\/inoc111-768x1024.jpg\" alt=\"\" class=\"wp-image-462\" srcset=\"https:\/\/inoctr.org\/wp-content\/uploads\/2025\/04\/inoc111-768x1024.jpg 768w, https:\/\/inoctr.org\/wp-content\/uploads\/2025\/04\/inoc111-225x300.jpg 225w, https:\/\/inoctr.org\/wp-content\/uploads\/2025\/04\/inoc111-1152x1536.jpg 1152w, https:\/\/inoctr.org\/wp-content\/uploads\/2025\/04\/inoc111.jpg 1200w\" sizes=\"auto, (max-width: 768px) 100vw, 768px\" \/><\/figure>\n<\/figure>\n\n\n\n<p>At the &#8220;Safe Navigation, Secure Future&#8221; seminar hosted by Dokuz Eylul University Faculty of Maritime, we had the honor of welcoming Major \u00d6zg\u00fcr Laf\u00e7\u0131, Lieutenant Bar\u0131\u015f Y\u0131ld\u0131r\u0131m, and Senior Sergeant \u00d6mer \u00c7okan from the Turkish Coast Guard Command. Our guests inspired the future seafarers by sharing their valuable insights on maritime safety, search and rescue operations, and environmental protection efforts.<br>We deeply appreciate their dedicated work for the safety and sustainability of our seas and extend our heartfelt thanks to the Turkish Coast Guard Command for their contribution.<br>Following the seminar, certificates of appreciation were presented to our guests by INOC President, Prof. Dr. \u015eermin A\u00e7\u0131k \u00c7\u0131nar.<\/p>\n","protected":false},"excerpt":{"rendered":"<p>At the &#8220;Safe Navigation, Secure Future&#8221; seminar hosted by Dokuz Eylul University Faculty of Maritime, we had the honor of welcoming Major \u00d6zg\u00fcr Laf\u00e7\u0131, Lieutenant Bar\u0131\u015f Y\u0131ld\u0131r\u0131m, and Senior Sergeant \u00d6mer \u00c7okan from the Turkish Coast Guard Command. Our guests inspired the future seafarers by sharing their valuable insights on maritime safety, search and rescue <a class=\"read-more\" href=\"https:\/\/inoctr.org\/index.php\/safe-navigation-secure-future\/\">Read More<\/a><\/p>\n","protected":false},"author":1,"featured_media":0,"parent":0,"menu_order":0,"comment_status":"closed","ping_status":"closed","template":"","meta":{"footnotes":""},"class_list":["post-456","page","type-page","status-publish","hentry"],"_links":{"self":[{"href":"https:\/\/inoctr.org\/index.php\/wp-json\/wp\/v2\/pages\/456","targetHints":{"allow":["GET"]}}],"collection":[{"href":"https:\/\/inoctr.org\/index.php\/wp-json\/wp\/v2\/pages"}],"about":[{"href":"https:\/\/inoctr.org\/index.php\/wp-json\/wp\/v2\/types\/page"}],"author":[{"embeddable":true,"href":"https:\/\/inoctr.org\/index.php\/wp-json\/wp\/v2\/users\/1"}],"replies":[{"embeddable":true,"href":"https:\/\/inoctr.org\/index.php\/wp-json\/wp\/v2\/comments?post=456"}],"version-history":[{"count":4,"href":"https:\/\/inoctr.org\/index.php\/wp-json\/wp\/v2\/pages\/456\/revisions"}],"predecessor-version":[{"id":466,"href":"https:\/\/inoctr.org\/index.php\/wp-json\/wp\/v2\/pages\/456\/revisions\/466"}],"wp:attachment":[{"href":"https:\/\/inoctr.org\/index.php\/wp-json\/wp\/v2\/media?parent=456"}],"curies":[{"name":"wp","href":"https:\/\/api.w.org\/{rel}","templated":true}]}}