{"id":496,"date":"2026-01-06T17:22:32","date_gmt":"2026-01-06T14:22:32","guid":{"rendered":"https:\/\/inoctr.org\/?page_id=496"},"modified":"2026-01-06T17:34:25","modified_gmt":"2026-01-06T14:34:25","slug":"acoustic-telemetry-studies","status":"publish","type":"page","link":"https:\/\/inoctr.org\/index.php\/acoustic-telemetry-studies\/","title":{"rendered":"Acoustic Telemetry Studies"},"content":{"rendered":"<div class=\"wp-block-image\">\n<figure class=\"aligncenter size-large\"><img loading=\"lazy\" decoding=\"async\" width=\"724\" height=\"1024\" src=\"https:\/\/inoctr.org\/wp-content\/uploads\/2026\/01\/G90e8D9WYAAjPPA-724x1024.jpg\" alt=\"\" class=\"wp-image-497\" srcset=\"https:\/\/inoctr.org\/wp-content\/uploads\/2026\/01\/G90e8D9WYAAjPPA-724x1024.jpg 724w, https:\/\/inoctr.org\/wp-content\/uploads\/2026\/01\/G90e8D9WYAAjPPA-212x300.jpg 212w, https:\/\/inoctr.org\/wp-content\/uploads\/2026\/01\/G90e8D9WYAAjPPA-768x1086.jpg 768w, https:\/\/inoctr.org\/wp-content\/uploads\/2026\/01\/G90e8D9WYAAjPPA-1086x1536.jpg 1086w, https:\/\/inoctr.org\/wp-content\/uploads\/2026\/01\/G90e8D9WYAAjPPA.jpg 1131w\" sizes=\"auto, (max-width: 724px) 100vw, 724px\" \/><\/figure>\n<\/div>\n\n\n<div class=\"wp-block-media-text is-stacked-on-mobile\"><figure class=\"wp-block-media-text__media\"><img loading=\"lazy\" decoding=\"async\" width=\"1024\" height=\"620\" src=\"https:\/\/inoctr.org\/wp-content\/uploads\/2026\/01\/G95LueGWMAAO5Xz-1024x620.jpg\" alt=\"\" class=\"wp-image-498 size-full\" srcset=\"https:\/\/inoctr.org\/wp-content\/uploads\/2026\/01\/G95LueGWMAAO5Xz-1024x620.jpg 1024w, https:\/\/inoctr.org\/wp-content\/uploads\/2026\/01\/G95LueGWMAAO5Xz-300x182.jpg 300w, https:\/\/inoctr.org\/wp-content\/uploads\/2026\/01\/G95LueGWMAAO5Xz-768x465.jpg 768w, https:\/\/inoctr.org\/wp-content\/uploads\/2026\/01\/G95LueGWMAAO5Xz.jpg 1170w\" sizes=\"auto, (max-width: 1024px) 100vw, 1024px\" \/><\/figure><div class=\"wp-block-media-text__content\">\n<p>The <strong>Acoustic Telemetry Studies<\/strong> event hosted a productive gathering where <strong>current approaches in marine sciences<\/strong> were shared.<br>A certificate of appreciation was presented to <strong>Prof. Dr. Ayta\u00e7 \u00d6zg\u00fcl<\/strong> by our Dean, <strong>Prof. Dr. \u015eermin A\u00e7\u0131k \u00c7\u0131nar<\/strong>, in recognition of his valuable scientific presentation and contributions.<br>We sincerely thank our esteemed professor for his contributions.<\/p>\n\n\n\n<p><strong>Organized by<\/strong><\/p>\n\n\n\n<ul class=\"wp-block-list\">\n<li>Dokuz Eyl\u00fcl University<\/li>\n\n\n\n<li>Dokuz Eyl\u00fcl University Maritime Faculty<\/li>\n\n\n\n<li>The Inter-Islamic Network on Oceanography<\/li>\n\n\n\n<li>Institure of Marine Science and Technology<\/li>\n<\/ul>\n<\/div><\/div>\n\n\n\n<figure class=\"wp-block-image size-full\"><img loading=\"lazy\" decoding=\"async\" width=\"981\" height=\"855\" src=\"https:\/\/inoctr.org\/wp-content\/uploads\/2026\/01\/G95LueIXoAAfAHe.jpg\" alt=\"\" class=\"wp-image-499\" srcset=\"https:\/\/inoctr.org\/wp-content\/uploads\/2026\/01\/G95LueIXoAAfAHe.jpg 981w, https:\/\/inoctr.org\/wp-content\/uploads\/2026\/01\/G95LueIXoAAfAHe-300x261.jpg 300w, https:\/\/inoctr.org\/wp-content\/uploads\/2026\/01\/G95LueIXoAAfAHe-768x669.jpg 768w\" sizes=\"auto, (max-width: 981px) 100vw, 981px\" \/><\/figure>\n","protected":false},"excerpt":{"rendered":"","protected":false},"author":1,"featured_media":0,"parent":0,"menu_order":0,"comment_status":"closed","ping_status":"closed","template":"","meta":{"footnotes":""},"class_list":["post-496","page","type-page","status-publish","hentry"],"_links":{"self":[{"href":"https:\/\/inoctr.org\/index.php\/wp-json\/wp\/v2\/pages\/496","targetHints":{"allow":["GET"]}}],"collection":[{"href":"https:\/\/inoctr.org\/index.php\/wp-json\/wp\/v2\/pages"}],"about":[{"href":"https:\/\/inoctr.org\/index.php\/wp-json\/wp\/v2\/types\/page"}],"author":[{"embeddable":true,"href":"https:\/\/inoctr.org\/index.php\/wp-json\/wp\/v2\/users\/1"}],"replies":[{"embeddable":true,"href":"https:\/\/inoctr.org\/index.php\/wp-json\/wp\/v2\/comments?post=496"}],"version-history":[{"count":2,"href":"https:\/\/inoctr.org\/index.php\/wp-json\/wp\/v2\/pages\/496\/revisions"}],"predecessor-version":[{"id":520,"href":"https:\/\/inoctr.org\/index.php\/wp-json\/wp\/v2\/pages\/496\/revisions\/520"}],"wp:attachment":[{"href":"https:\/\/inoctr.org\/index.php\/wp-json\/wp\/v2\/media?parent=496"}],"curies":[{"name":"wp","href":"https:\/\/api.w.org\/{rel}","templated":true}]}}